{"id":2,"date":"2026-01-18T20:04:28","date_gmt":"2026-01-18T20:04:28","guid":{"rendered":"http:\/\/www.genic.pt\/?page_id=2"},"modified":"2026-01-18T22:57:10","modified_gmt":"2026-01-18T22:57:10","slug":"sample-page","status":"publish","type":"page","link":"https:\/\/www.genic.pt\/?page_id=2","title":{"rendered":"Quem somos"},"content":{"rendered":"\n<p>A GENIC \u2013 Grupo de Estudos de Doen\u00e7as Neuro imunol\u00f3gicas de Coimbra, fundada em junho de 2024, tem como principal fim:<\/p>\n\n\n\n<ul class=\"wp-block-list\">\n<li>Implementar projetos e parcerias na \u00e1rea das patologias Neuro imunol\u00f3gicas<\/li>\n\n\n\n<li>Promover e apoiar a presta\u00e7\u00e3o de cuidados de sa\u00fade e a interven\u00e7\u00e3o terap\u00eautica na \u00e1rea das Doen\u00e7as Neuro imunol\u00f3gicas;<\/li>\n\n\n\n<li>Promover a investiga\u00e7\u00e3o das patologias Neuro imunol\u00f3gicas e suas solu\u00e7\u00f5es terap\u00eauticas;<\/li>\n\n\n\n<li>Promover a\u00e7\u00f5es de forma\u00e7\u00e3o na \u00e1rea das patologias das Doen\u00e7as Neuro imunol\u00f3gicas;<\/li>\n\n\n\n<li>Melhorar as condi\u00e7\u00f5es dos doentes e cuidadores\/acompanhantes na \u00e1rea das patologias Neuro imunol\u00f3gicas;<\/li>\n\n\n\n<li>Sensibilizar a comunidade para as patologias Neuro imunol\u00f3gicas;<\/li>\n<\/ul>\n\n\n\n<p><\/p>\n","protected":false},"excerpt":{"rendered":"<p>A GENIC \u2013 Grupo de Estudos de Doen\u00e7as Neuro imunol\u00f3gicas de Coimbra, fundada em junho..<\/p>\n","protected":false},"author":1,"featured_media":0,"parent":0,"menu_order":0,"comment_status":"closed","ping_status":"open","template":"","meta":{"_acf_changed":false,"footnotes":""},"class_list":["post-2","page","type-page","status-publish","hentry"],"acf":[],"_links":{"self":[{"href":"https:\/\/www.genic.pt\/index.php?rest_route=\/wp\/v2\/pages\/2","targetHints":{"allow":["GET"]}}],"collection":[{"href":"https:\/\/www.genic.pt\/index.php?rest_route=\/wp\/v2\/pages"}],"about":[{"href":"https:\/\/www.genic.pt\/index.php?rest_route=\/wp\/v2\/types\/page"}],"author":[{"embeddable":true,"href":"https:\/\/www.genic.pt\/index.php?rest_route=\/wp\/v2\/users\/1"}],"replies":[{"embeddable":true,"href":"https:\/\/www.genic.pt\/index.php?rest_route=%2Fwp%2Fv2%2Fcomments&post=2"}],"version-history":[{"count":3,"href":"https:\/\/www.genic.pt\/index.php?rest_route=\/wp\/v2\/pages\/2\/revisions"}],"predecessor-version":[{"id":28,"href":"https:\/\/www.genic.pt\/index.php?rest_route=\/wp\/v2\/pages\/2\/revisions\/28"}],"wp:attachment":[{"href":"https:\/\/www.genic.pt\/index.php?rest_route=%2Fwp%2Fv2%2Fmedia&parent=2"}],"curies":[{"name":"wp","href":"https:\/\/api.w.org\/{rel}","templated":true}]}}